{"id":619,"date":"2023-10-30T10:21:49","date_gmt":"2023-10-30T10:21:49","guid":{"rendered":"http:\/\/rotulimca.com\/about-us\/"},"modified":"2023-11-02T11:32:39","modified_gmt":"2023-11-02T11:32:39","slug":"sobre-nosotros","status":"publish","type":"page","link":"http:\/\/rotulimca.com\/gl\/sobre-nosotros\/","title":{"rendered":"Sobre Nosotros"},"content":{"rendered":"<div data-elementor-type=\"wp-page\" data-elementor-id=\"619\" class=\"elementor elementor-619\" data-elementor-post-type=\"page\">\n\t\t\t\t\t\t<section class=\"elementor-section elementor-top-section elementor-element elementor-element-2606ca36 elementor-section-height-min-height elementor-section-boxed elementor-section-height-default elementor-section-items-middle\" data-id=\"2606ca36\" data-element_type=\"section\" data-settings=\"{&quot;background_background&quot;:&quot;classic&quot;}\">\n\t\t\t\t\t\t\t<div class=\"elementor-background-overlay\"><\/div>\n\t\t\t\t\t\t\t<div class=\"elementor-container elementor-column-gap-default\">\n\t\t\t\t\t<div class=\"elementor-column elementor-col-100 elementor-top-column elementor-element elementor-element-449bd571\" data-id=\"449bd571\" data-element_type=\"column\">\n\t\t\t<div class=\"elementor-widget-wrap elementor-element-populated\">\n\t\t\t\t\t\t<div class=\"elementor-element elementor-element-34644156 elementor-widget elementor-widget-heading\" data-id=\"34644156\" data-element_type=\"widget\" data-widget_type=\"heading.default\">\n\t\t\t\t<div class=\"elementor-widget-container\">\n\t\t\t<style>\/*! elementor - v3.23.0 - 25-07-2024 *\/\n.elementor-heading-title{padding:0;margin:0;line-height:1}.elementor-widget-heading .elementor-heading-title[class*=elementor-size-]>a{color:inherit;font-size:inherit;line-height:inherit}.elementor-widget-heading .elementor-heading-title.elementor-size-small{font-size:15px}.elementor-widget-heading .elementor-heading-title.elementor-size-medium{font-size:19px}.elementor-widget-heading .elementor-heading-title.elementor-size-large{font-size:29px}.elementor-widget-heading .elementor-heading-title.elementor-size-xl{font-size:39px}.elementor-widget-heading .elementor-heading-title.elementor-size-xxl{font-size:59px}<\/style><h2 class=\"elementor-heading-title elementor-size-default\">Tenemos una Historia<\/h2>\t\t<\/div>\n\t\t\t\t<\/div>\n\t\t\t\t\t<\/div>\n\t\t<\/div>\n\t\t\t\t\t<\/div>\n\t\t<\/section>\n\t\t\t\t<section class=\"elementor-section elementor-top-section elementor-element elementor-element-24e48cc elementor-section-boxed elementor-section-height-default elementor-section-height-default\" data-id=\"24e48cc\" data-element_type=\"section\">\n\t\t\t\t\t\t<div class=\"elementor-container elementor-column-gap-default\">\n\t\t\t\t\t<div class=\"elementor-column elementor-col-100 elementor-top-column elementor-element elementor-element-661fc12d\" data-id=\"661fc12d\" data-element_type=\"column\">\n\t\t\t<div class=\"elementor-widget-wrap elementor-element-populated\">\n\t\t\t\t\t\t<div class=\"elementor-element elementor-element-167f23b6 elementor-widget elementor-widget-heading\" data-id=\"167f23b6\" data-element_type=\"widget\" data-widget_type=\"heading.default\">\n\t\t\t\t<div class=\"elementor-widget-container\">\n\t\t\t<h4 class=\"elementor-heading-title elementor-size-default\">Sobre nosotros<\/h4>\t\t<\/div>\n\t\t\t\t<\/div>\n\t\t\t\t<div class=\"elementor-element elementor-element-3ae9a5dc elementor-widget elementor-widget-heading\" data-id=\"3ae9a5dc\" data-element_type=\"widget\" data-widget_type=\"heading.default\">\n\t\t\t\t<div class=\"elementor-widget-container\">\n\t\t\t<h2 class=\"elementor-heading-title elementor-size-default\">empresa l\u00edder en el mundo de las Artes Gr\u00e1ficas en Ourense<\/h2>\t\t<\/div>\n\t\t\t\t<\/div>\n\t\t\t\t<div class=\"elementor-element elementor-element-100cf33f elementor-widget elementor-widget-text-editor\" data-id=\"100cf33f\" data-element_type=\"widget\" data-widget_type=\"text-editor.default\">\n\t\t\t\t<div class=\"elementor-widget-container\">\n\t\t\t<style>\/*! elementor - v3.23.0 - 25-07-2024 *\/\n.elementor-widget-text-editor.elementor-drop-cap-view-stacked .elementor-drop-cap{background-color:#69727d;color:#fff}.elementor-widget-text-editor.elementor-drop-cap-view-framed .elementor-drop-cap{color:#69727d;border:3px solid;background-color:transparent}.elementor-widget-text-editor:not(.elementor-drop-cap-view-default) .elementor-drop-cap{margin-top:8px}.elementor-widget-text-editor:not(.elementor-drop-cap-view-default) .elementor-drop-cap-letter{width:1em;height:1em}.elementor-widget-text-editor .elementor-drop-cap{float:left;text-align:center;line-height:1;font-size:50px}.elementor-widget-text-editor .elementor-drop-cap-letter{display:inline-block}<\/style>\t\t\t\t<p>Contamos con una plantilla de<b>\u00a0dise\u00f1adores gr\u00e1ficos y expertos<\/b>\u00a0en la creaci\u00f3n y producci\u00f3n de material para\u00a0<b>campa\u00f1as de publicidad y actividades de promoci\u00f3n.<\/b><\/p>\t\t\t\t\t\t<\/div>\n\t\t\t\t<\/div>\n\t\t\t\t<section class=\"elementor-section elementor-inner-section elementor-element elementor-element-649e5539 elementor-section-boxed elementor-section-height-default elementor-section-height-default\" data-id=\"649e5539\" data-element_type=\"section\">\n\t\t\t\t\t\t<div class=\"elementor-container elementor-column-gap-default\">\n\t\t\t\t\t<div class=\"elementor-column elementor-col-33 elementor-inner-column elementor-element elementor-element-1918c916\" data-id=\"1918c916\" data-element_type=\"column\">\n\t\t\t<div class=\"elementor-widget-wrap elementor-element-populated\">\n\t\t\t\t\t\t<div class=\"elementor-element elementor-element-469ebfd2 elementor-widget elementor-widget-heading\" data-id=\"469ebfd2\" data-element_type=\"widget\" data-widget_type=\"heading.default\">\n\t\t\t\t<div class=\"elementor-widget-container\">\n\t\t\t<h3 class=\"elementor-heading-title elementor-size-default\">Instalaciones<\/h3>\t\t<\/div>\n\t\t\t\t<\/div>\n\t\t\t\t<div class=\"elementor-element elementor-element-2988b1c9 elementor-widget elementor-widget-text-editor\" data-id=\"2988b1c9\" data-element_type=\"widget\" data-widget_type=\"text-editor.default\">\n\t\t\t\t<div class=\"elementor-widget-container\">\n\t\t\t\t\t\t\t<p>Entre sus instalaciones, encontramos espacios de producci\u00f3n y talleres dotados de la<b>\u00a0tecnolog\u00eda m\u00e1s innovadora<\/b>\u00a0capaz de llevar a cabo un infinidad de<b>\u00a0art\u00edculos y r\u00f3tulos<\/b>. Desde\u00a0<b>vinilos, serigraf\u00edas<\/b> en chapa, cristal y veh\u00edculos hasta todo tipo de logotipos o grandes r\u00f3tulos para fachadas.<\/p>\t\t\t\t\t\t<\/div>\n\t\t\t\t<\/div>\n\t\t\t\t\t<\/div>\n\t\t<\/div>\n\t\t\t\t<div class=\"elementor-column elementor-col-33 elementor-inner-column elementor-element elementor-element-7d322d7e\" data-id=\"7d322d7e\" data-element_type=\"column\">\n\t\t\t<div class=\"elementor-widget-wrap elementor-element-populated\">\n\t\t\t\t\t\t<div class=\"elementor-element elementor-element-68ec40d4 elementor-widget elementor-widget-heading\" data-id=\"68ec40d4\" data-element_type=\"widget\" data-widget_type=\"heading.default\">\n\t\t\t\t<div class=\"elementor-widget-container\">\n\t\t\t<h3 class=\"elementor-heading-title elementor-size-default\">Calidades<\/h3>\t\t<\/div>\n\t\t\t\t<\/div>\n\t\t\t\t<div class=\"elementor-element elementor-element-69b6dfdf elementor-widget elementor-widget-text-editor\" data-id=\"69b6dfdf\" data-element_type=\"widget\" data-widget_type=\"text-editor.default\">\n\t\t\t\t<div class=\"elementor-widget-container\">\n\t\t\t\t\t\t\t<p>Destacamos por la originalidad de nuestros acabados, consiguiendo unos<b>\u00a0dise\u00f1os \u00fanicos y exclusivos<\/b>\u00a0confeccionados con una diversa variedad de materiales de las<b>\u00a0mejores marcas<\/b>. Su actividad est\u00e1 dirigida tanto a empresas como particulares.<\/p>\t\t\t\t\t\t<\/div>\n\t\t\t\t<\/div>\n\t\t\t\t\t<\/div>\n\t\t<\/div>\n\t\t\t\t<div class=\"elementor-column elementor-col-33 elementor-inner-column elementor-element elementor-element-749d02aa\" data-id=\"749d02aa\" data-element_type=\"column\">\n\t\t\t<div class=\"elementor-widget-wrap elementor-element-populated\">\n\t\t\t\t\t\t<div class=\"elementor-element elementor-element-6faeff57 elementor-widget elementor-widget-heading\" data-id=\"6faeff57\" data-element_type=\"widget\" data-widget_type=\"heading.default\">\n\t\t\t\t<div class=\"elementor-widget-container\">\n\t\t\t<h3 class=\"elementor-heading-title elementor-size-default\">Nuestro Trabajo<\/h3>\t\t<\/div>\n\t\t\t\t<\/div>\n\t\t\t\t<div class=\"elementor-element elementor-element-53c57e30 elementor-widget elementor-widget-text-editor\" data-id=\"53c57e30\" data-element_type=\"widget\" data-widget_type=\"text-editor.default\">\n\t\t\t\t<div class=\"elementor-widget-container\">\n\t\t\t\t\t\t\t<p>Imprimimos desde carteles, lonas, placas, metacrilato, y todo lo que puedas imaginar, nuestras impresiones son de alta calidad, totalmente personalizable y con una gran variedad de materiales a disposici\u00f3n de nuestros clientes.\u00a0<\/p>\t\t\t\t\t\t<\/div>\n\t\t\t\t<\/div>\n\t\t\t\t\t<\/div>\n\t\t<\/div>\n\t\t\t\t\t<\/div>\n\t\t<\/section>\n\t\t\t\t\t<\/div>\n\t\t<\/div>\n\t\t\t\t\t<\/div>\n\t\t<\/section>\n\t\t\t\t<\/div>","protected":false},"excerpt":{"rendered":"<p>Tenemos una Historia Sobre nosotros empresa l\u00edder en el mundo de las Artes Gr\u00e1ficas en Ourense Contamos con una plantilla de\u00a0dise\u00f1adores gr\u00e1ficos y expertos\u00a0en la creaci\u00f3n y producci\u00f3n de material para\u00a0campa\u00f1as de publicidad y actividades de promoci\u00f3n. Instalaciones Entre sus instalaciones, encontramos espacios de producci\u00f3n y talleres dotados de la\u00a0tecnolog\u00eda m\u00e1s innovadora\u00a0capaz de llevar a [&hellip;]<\/p>","protected":false},"author":1,"featured_media":0,"parent":0,"menu_order":0,"comment_status":"closed","ping_status":"closed","template":"elementor_header_footer","meta":{"footnotes":""},"class_list":["post-619","page","type-page","status-publish","hentry"],"yoast_head":"<!-- This site is optimized with the Yoast SEO plugin v23.8 - https:\/\/yoast.com\/wordpress\/plugins\/seo\/ -->\n<title>Sobre Nosotros - Rotulimca<\/title>\n<meta name=\"robots\" content=\"index, follow, max-snippet:-1, max-image-preview:large, max-video-preview:-1\" \/>\n<link rel=\"canonical\" href=\"http:\/\/rotulimca.com\/gl\/sobre-nosotros\/\" \/>\n<meta property=\"og:locale\" content=\"gl_ES\" \/>\n<meta property=\"og:type\" content=\"article\" \/>\n<meta property=\"og:title\" content=\"Sobre Nosotros - Rotulimca\" \/>\n<meta property=\"og:description\" content=\"Tenemos una Historia Sobre nosotros empresa l\u00edder en el mundo de las Artes Gr\u00e1ficas en Ourense Contamos con una plantilla de\u00a0dise\u00f1adores gr\u00e1ficos y expertos\u00a0en la creaci\u00f3n y producci\u00f3n de material para\u00a0campa\u00f1as de publicidad y actividades de promoci\u00f3n. Instalaciones Entre sus instalaciones, encontramos espacios de producci\u00f3n y talleres dotados de la\u00a0tecnolog\u00eda m\u00e1s innovadora\u00a0capaz de llevar a [&hellip;]\" \/>\n<meta property=\"og:url\" content=\"http:\/\/rotulimca.com\/gl\/sobre-nosotros\/\" \/>\n<meta property=\"og:site_name\" content=\"Rotulimca\" \/>\n<meta property=\"article:publisher\" content=\"https:\/\/www.facebook.com\/Rotulimca\/\" \/>\n<meta property=\"article:modified_time\" content=\"2023-11-02T11:32:39+00:00\" \/>\n<meta name=\"twitter:card\" content=\"summary_large_image\" \/>\n<meta name=\"twitter:label1\" content=\"Tempo de lectura\" \/>\n\t<meta name=\"twitter:data1\" content=\"1 minuto\" \/>\n<script type=\"application\/ld+json\" class=\"yoast-schema-graph\">{\"@context\":\"https:\/\/schema.org\",\"@graph\":[{\"@type\":\"WebPage\",\"@id\":\"http:\/\/rotulimca.com\/sobre-nosotros\/\",\"url\":\"http:\/\/rotulimca.com\/sobre-nosotros\/\",\"name\":\"Sobre Nosotros - Rotulimca\",\"isPartOf\":{\"@id\":\"http:\/\/rotulimca.com\/#website\"},\"datePublished\":\"2023-10-30T10:21:49+00:00\",\"dateModified\":\"2023-11-02T11:32:39+00:00\",\"breadcrumb\":{\"@id\":\"http:\/\/rotulimca.com\/sobre-nosotros\/#breadcrumb\"},\"inLanguage\":\"gl-ES\",\"potentialAction\":[{\"@type\":\"ReadAction\",\"target\":[\"http:\/\/rotulimca.com\/sobre-nosotros\/\"]}]},{\"@type\":\"BreadcrumbList\",\"@id\":\"http:\/\/rotulimca.com\/sobre-nosotros\/#breadcrumb\",\"itemListElement\":[{\"@type\":\"ListItem\",\"position\":1,\"name\":\"Portada\",\"item\":\"http:\/\/rotulimca.com\/\"},{\"@type\":\"ListItem\",\"position\":2,\"name\":\"Sobre Nosotros\"}]},{\"@type\":\"WebSite\",\"@id\":\"http:\/\/rotulimca.com\/#website\",\"url\":\"http:\/\/rotulimca.com\/\",\"name\":\"Rotulimca\",\"description\":\"\",\"publisher\":{\"@id\":\"http:\/\/rotulimca.com\/#organization\"},\"potentialAction\":[{\"@type\":\"SearchAction\",\"target\":{\"@type\":\"EntryPoint\",\"urlTemplate\":\"http:\/\/rotulimca.com\/?s={search_term_string}\"},\"query-input\":{\"@type\":\"PropertyValueSpecification\",\"valueRequired\":true,\"valueName\":\"search_term_string\"}}],\"inLanguage\":\"gl-ES\"},{\"@type\":\"Organization\",\"@id\":\"http:\/\/rotulimca.com\/#organization\",\"name\":\"Rotulimca\",\"url\":\"http:\/\/rotulimca.com\/\",\"logo\":{\"@type\":\"ImageObject\",\"inLanguage\":\"gl-ES\",\"@id\":\"http:\/\/rotulimca.com\/#\/schema\/logo\/image\/\",\"url\":\"http:\/\/rotulimca.com\/wp-content\/uploads\/2023\/08\/logo-2.png\",\"contentUrl\":\"http:\/\/rotulimca.com\/wp-content\/uploads\/2023\/08\/logo-2.png\",\"width\":946,\"height\":649,\"caption\":\"Rotulimca\"},\"image\":{\"@id\":\"http:\/\/rotulimca.com\/#\/schema\/logo\/image\/\"},\"sameAs\":[\"https:\/\/www.facebook.com\/Rotulimca\/\"]}]}<\/script>\n<!-- \/ Yoast SEO plugin. -->","yoast_head_json":{"title":"Sobre Nosotros - Rotulimca","robots":{"index":"index","follow":"follow","max-snippet":"max-snippet:-1","max-image-preview":"max-image-preview:large","max-video-preview":"max-video-preview:-1"},"canonical":"http:\/\/rotulimca.com\/gl\/sobre-nosotros\/","og_locale":"gl_ES","og_type":"article","og_title":"Sobre Nosotros - Rotulimca","og_description":"Tenemos una Historia Sobre nosotros empresa l\u00edder en el mundo de las Artes Gr\u00e1ficas en Ourense Contamos con una plantilla de\u00a0dise\u00f1adores gr\u00e1ficos y expertos\u00a0en la creaci\u00f3n y producci\u00f3n de material para\u00a0campa\u00f1as de publicidad y actividades de promoci\u00f3n. Instalaciones Entre sus instalaciones, encontramos espacios de producci\u00f3n y talleres dotados de la\u00a0tecnolog\u00eda m\u00e1s innovadora\u00a0capaz de llevar a [&hellip;]","og_url":"http:\/\/rotulimca.com\/gl\/sobre-nosotros\/","og_site_name":"Rotulimca","article_publisher":"https:\/\/www.facebook.com\/Rotulimca\/","article_modified_time":"2023-11-02T11:32:39+00:00","twitter_card":"summary_large_image","twitter_misc":{"Tempo de lectura":"1 minuto"},"schema":{"@context":"https:\/\/schema.org","@graph":[{"@type":"WebPage","@id":"http:\/\/rotulimca.com\/sobre-nosotros\/","url":"http:\/\/rotulimca.com\/sobre-nosotros\/","name":"Sobre Nosotros - Rotulimca","isPartOf":{"@id":"http:\/\/rotulimca.com\/#website"},"datePublished":"2023-10-30T10:21:49+00:00","dateModified":"2023-11-02T11:32:39+00:00","breadcrumb":{"@id":"http:\/\/rotulimca.com\/sobre-nosotros\/#breadcrumb"},"inLanguage":"gl-ES","potentialAction":[{"@type":"ReadAction","target":["http:\/\/rotulimca.com\/sobre-nosotros\/"]}]},{"@type":"BreadcrumbList","@id":"http:\/\/rotulimca.com\/sobre-nosotros\/#breadcrumb","itemListElement":[{"@type":"ListItem","position":1,"name":"Portada","item":"http:\/\/rotulimca.com\/"},{"@type":"ListItem","position":2,"name":"Sobre Nosotros"}]},{"@type":"WebSite","@id":"http:\/\/rotulimca.com\/#website","url":"http:\/\/rotulimca.com\/","name":"Rotulimca","description":"","publisher":{"@id":"http:\/\/rotulimca.com\/#organization"},"potentialAction":[{"@type":"SearchAction","target":{"@type":"EntryPoint","urlTemplate":"http:\/\/rotulimca.com\/?s={search_term_string}"},"query-input":{"@type":"PropertyValueSpecification","valueRequired":true,"valueName":"search_term_string"}}],"inLanguage":"gl-ES"},{"@type":"Organization","@id":"http:\/\/rotulimca.com\/#organization","name":"Rotulimca","url":"http:\/\/rotulimca.com\/","logo":{"@type":"ImageObject","inLanguage":"gl-ES","@id":"http:\/\/rotulimca.com\/#\/schema\/logo\/image\/","url":"http:\/\/rotulimca.com\/wp-content\/uploads\/2023\/08\/logo-2.png","contentUrl":"http:\/\/rotulimca.com\/wp-content\/uploads\/2023\/08\/logo-2.png","width":946,"height":649,"caption":"Rotulimca"},"image":{"@id":"http:\/\/rotulimca.com\/#\/schema\/logo\/image\/"},"sameAs":["https:\/\/www.facebook.com\/Rotulimca\/"]}]}},"_links":{"self":[{"href":"http:\/\/rotulimca.com\/gl\/wp-json\/wp\/v2\/pages\/619","targetHints":{"allow":["GET"]}}],"collection":[{"href":"http:\/\/rotulimca.com\/gl\/wp-json\/wp\/v2\/pages"}],"about":[{"href":"http:\/\/rotulimca.com\/gl\/wp-json\/wp\/v2\/types\/page"}],"author":[{"embeddable":true,"href":"http:\/\/rotulimca.com\/gl\/wp-json\/wp\/v2\/users\/1"}],"replies":[{"embeddable":true,"href":"http:\/\/rotulimca.com\/gl\/wp-json\/wp\/v2\/comments?post=619"}],"version-history":[{"count":11,"href":"http:\/\/rotulimca.com\/gl\/wp-json\/wp\/v2\/pages\/619\/revisions"}],"predecessor-version":[{"id":802,"href":"http:\/\/rotulimca.com\/gl\/wp-json\/wp\/v2\/pages\/619\/revisions\/802"}],"wp:attachment":[{"href":"http:\/\/rotulimca.com\/gl\/wp-json\/wp\/v2\/media?parent=619"}],"curies":[{"name":"wp","href":"https:\/\/api.w.org\/{rel}","templated":true}]}}