{"id":839,"date":"2023-11-03T08:42:38","date_gmt":"2023-11-03T08:42:38","guid":{"rendered":"http:\/\/rotulimca.com\/personalizar-cookies\/"},"modified":"2023-11-03T08:42:38","modified_gmt":"2023-11-03T08:42:38","slug":"personalizar-cookies","status":"publish","type":"page","link":"http:\/\/rotulimca.com\/gl\/personalizar-cookies\/","title":{"rendered":"Personalizar Cookies"},"content":{"rendered":"<div>\n      <div id=\"custom-cookies-eu-label\">\n          El sitio Web http:\/\/rotulimca.com utiliza cookies propias y de terceros para su correcto funcionamiento y para fines anal\u00edticos. Al hacer clic en el bot\u00f3n Aceptar, acepta el uso de estas tecnolog\u00edas y el procesamiento de sus datos para estos prop\u00f3sitos.          \n\n      <\/div>\n\n      <div id=\"custom-cookies-eu-buttons\" class=\"cookies-eu-buttons\">\n        <button id=\"custom-cookies-eu-reject\" class=\"cookies-eu-reject\">Rechazar<\/button>\n        <button id=\"custom-cookies-eu-accept\" class=\"cookies-eu-accept\">ACEPTAR TODAS LAS COOKIES<\/button><\/div>\n      <\/div>\n\n<br\/>\n<p>\n\tPuedes cambiar tus preferencias de cookies en cualquier momento si vuelves a la p\u00e1gina de Personalizar cookies, a la que puedes acceder a trav\u00e9s del Aviso de cookies. \n<\/p>\n\n<h3>Cookies t\u00e9cnicas<\/h3>\n<p>\n\tSon aquellas que permiten a los usuarios registrados navegar a trav\u00e9s del sitio Web, del \u00e1rea restringida y a utilizar sus diferentes funciones, como por ejemplo, el sistema de comentarios o el buscador y no pueden ser desactivadas.\n<\/p>\n\n<div class=\"custom-cookies-option\">\n  <h3>Cookies de an\u00e1lisis o medici\u00f3n<\/h3>\n  <span>\n    <input type=\"radio\" name=\"cookies-analytics-option\" value=\"true\" class=\"custom-cookies-radio\" data-consent=\"ANLTCS\" id=\"custom-cookies-accept-analytics\" >\n    <label for=\"custom-cookies-accept-analytics\">Activar<\/label>\n    &nbsp;&nbsp;\n    <input type=\"radio\" name=\"cookies-analytics-option\" value=\"false\" class=\"custom-cookies-radio\" data-consent=\"ANLTCS\" id=\"custom-cookies-reject-analytics\" \n    checked>\n    <label for=\"custom-cookies-reject-analytics\">Desactivar<\/label>\n<\/span>\n<\/div>\n\n<p>\n\tSon aquellas que, bien tratadas por el sitio Web o por terceros, permiten cuantificar el n\u00famero de usuarios y as\u00ed realizar la medici\u00f3n y an\u00e1lisis estad\u00edstico de la utilizaci\u00f3n que hacen los usuarios del sitio Web. Para ello se analiza la navegaci\u00f3n que realizas en este sitio Web con el fin de mejorarlo.\n<\/p>\n\n<div class=\"custom-cookies-option\">\n  <h3>Cookies sociales<\/h3>\n  <span>\n    <input type=\"radio\" name=\"cookies-social-option\" value=\"true\" class=\"custom-cookies-radio\" data-consent=\"SCLS\" id=\"custom-cookies-accept-social\" \n    >\n    <label for=\"custom-cookies-accept-social\">Activar<\/label>\n    &nbsp;&nbsp;\n    <input type=\"radio\" name=\"cookies-social-option\" value=\"false\" class=\"custom-cookies-radio\" data-consent=\"SCLS\" id=\"custom-cookies-reject-social\" \n    checked>\n    <label for=\"custom-cookies-reject-social\">Desactivar<\/label>\n<\/span>\n<\/div>\n\n<p>\n  Son establecidas por las plataformas de redes sociales para permitir a los usuarios compartir contenido con sus amigos y redes.  \n<\/p>","protected":false},"excerpt":{"rendered":"<p>El sitio Web http:\/\/rotulimca.com utiliza cookies propias y de terceros para su correcto funcionamiento y para fines anal\u00edticos. Al hacer clic en el bot\u00f3n Aceptar, acepta el uso de estas tecnolog\u00edas y el procesamiento de sus datos para estos prop\u00f3sitos. Rechazar ACEPTAR TODAS LAS COOKIES Puedes cambiar tus preferencias de cookies en cualquier momento si [&hellip;]<\/p>","protected":false},"author":1,"featured_media":0,"parent":0,"menu_order":0,"comment_status":"closed","ping_status":"closed","template":"","meta":{"footnotes":""},"class_list":["post-839","page","type-page","status-publish","hentry"],"yoast_head":"<!-- This site is optimized with the Yoast SEO plugin v23.8 - https:\/\/yoast.com\/wordpress\/plugins\/seo\/ -->\n<title>Personalizar Cookies - Rotulimca<\/title>\n<meta name=\"robots\" content=\"index, follow, max-snippet:-1, max-image-preview:large, max-video-preview:-1\" \/>\n<link rel=\"canonical\" href=\"http:\/\/rotulimca.com\/gl\/personalizar-cookies\/\" \/>\n<meta property=\"og:locale\" content=\"gl_ES\" \/>\n<meta property=\"og:type\" content=\"article\" \/>\n<meta property=\"og:title\" content=\"Personalizar Cookies - Rotulimca\" \/>\n<meta property=\"og:description\" content=\"El sitio Web http:\/\/rotulimca.com utiliza cookies propias y de terceros para su correcto funcionamiento y para fines anal\u00edticos. Al hacer clic en el bot\u00f3n Aceptar, acepta el uso de estas tecnolog\u00edas y el procesamiento de sus datos para estos prop\u00f3sitos. Rechazar ACEPTAR TODAS LAS COOKIES Puedes cambiar tus preferencias de cookies en cualquier momento si [&hellip;]\" \/>\n<meta property=\"og:url\" content=\"http:\/\/rotulimca.com\/gl\/personalizar-cookies\/\" \/>\n<meta property=\"og:site_name\" content=\"Rotulimca\" \/>\n<meta property=\"article:publisher\" content=\"https:\/\/www.facebook.com\/Rotulimca\/\" \/>\n<meta name=\"twitter:card\" content=\"summary_large_image\" \/>\n<script type=\"application\/ld+json\" class=\"yoast-schema-graph\">{\"@context\":\"https:\/\/schema.org\",\"@graph\":[{\"@type\":\"WebPage\",\"@id\":\"http:\/\/rotulimca.com\/personalizar-cookies\/\",\"url\":\"http:\/\/rotulimca.com\/personalizar-cookies\/\",\"name\":\"Personalizar Cookies - Rotulimca\",\"isPartOf\":{\"@id\":\"http:\/\/rotulimca.com\/#website\"},\"datePublished\":\"2023-11-03T08:42:38+00:00\",\"dateModified\":\"2023-11-03T08:42:38+00:00\",\"breadcrumb\":{\"@id\":\"http:\/\/rotulimca.com\/personalizar-cookies\/#breadcrumb\"},\"inLanguage\":\"gl-ES\",\"potentialAction\":[{\"@type\":\"ReadAction\",\"target\":[\"http:\/\/rotulimca.com\/personalizar-cookies\/\"]}]},{\"@type\":\"BreadcrumbList\",\"@id\":\"http:\/\/rotulimca.com\/personalizar-cookies\/#breadcrumb\",\"itemListElement\":[{\"@type\":\"ListItem\",\"position\":1,\"name\":\"Portada\",\"item\":\"http:\/\/rotulimca.com\/\"},{\"@type\":\"ListItem\",\"position\":2,\"name\":\"Personalizar Cookies\"}]},{\"@type\":\"WebSite\",\"@id\":\"http:\/\/rotulimca.com\/#website\",\"url\":\"http:\/\/rotulimca.com\/\",\"name\":\"Rotulimca\",\"description\":\"\",\"publisher\":{\"@id\":\"http:\/\/rotulimca.com\/#organization\"},\"potentialAction\":[{\"@type\":\"SearchAction\",\"target\":{\"@type\":\"EntryPoint\",\"urlTemplate\":\"http:\/\/rotulimca.com\/?s={search_term_string}\"},\"query-input\":{\"@type\":\"PropertyValueSpecification\",\"valueRequired\":true,\"valueName\":\"search_term_string\"}}],\"inLanguage\":\"gl-ES\"},{\"@type\":\"Organization\",\"@id\":\"http:\/\/rotulimca.com\/#organization\",\"name\":\"Rotulimca\",\"url\":\"http:\/\/rotulimca.com\/\",\"logo\":{\"@type\":\"ImageObject\",\"inLanguage\":\"gl-ES\",\"@id\":\"http:\/\/rotulimca.com\/#\/schema\/logo\/image\/\",\"url\":\"http:\/\/rotulimca.com\/wp-content\/uploads\/2023\/08\/logo-2.png\",\"contentUrl\":\"http:\/\/rotulimca.com\/wp-content\/uploads\/2023\/08\/logo-2.png\",\"width\":946,\"height\":649,\"caption\":\"Rotulimca\"},\"image\":{\"@id\":\"http:\/\/rotulimca.com\/#\/schema\/logo\/image\/\"},\"sameAs\":[\"https:\/\/www.facebook.com\/Rotulimca\/\"]}]}<\/script>\n<!-- \/ Yoast SEO plugin. -->","yoast_head_json":{"title":"Personalizar Cookies - Rotulimca","robots":{"index":"index","follow":"follow","max-snippet":"max-snippet:-1","max-image-preview":"max-image-preview:large","max-video-preview":"max-video-preview:-1"},"canonical":"http:\/\/rotulimca.com\/gl\/personalizar-cookies\/","og_locale":"gl_ES","og_type":"article","og_title":"Personalizar Cookies - Rotulimca","og_description":"El sitio Web http:\/\/rotulimca.com utiliza cookies propias y de terceros para su correcto funcionamiento y para fines anal\u00edticos. Al hacer clic en el bot\u00f3n Aceptar, acepta el uso de estas tecnolog\u00edas y el procesamiento de sus datos para estos prop\u00f3sitos. Rechazar ACEPTAR TODAS LAS COOKIES Puedes cambiar tus preferencias de cookies en cualquier momento si [&hellip;]","og_url":"http:\/\/rotulimca.com\/gl\/personalizar-cookies\/","og_site_name":"Rotulimca","article_publisher":"https:\/\/www.facebook.com\/Rotulimca\/","twitter_card":"summary_large_image","schema":{"@context":"https:\/\/schema.org","@graph":[{"@type":"WebPage","@id":"http:\/\/rotulimca.com\/personalizar-cookies\/","url":"http:\/\/rotulimca.com\/personalizar-cookies\/","name":"Personalizar Cookies - Rotulimca","isPartOf":{"@id":"http:\/\/rotulimca.com\/#website"},"datePublished":"2023-11-03T08:42:38+00:00","dateModified":"2023-11-03T08:42:38+00:00","breadcrumb":{"@id":"http:\/\/rotulimca.com\/personalizar-cookies\/#breadcrumb"},"inLanguage":"gl-ES","potentialAction":[{"@type":"ReadAction","target":["http:\/\/rotulimca.com\/personalizar-cookies\/"]}]},{"@type":"BreadcrumbList","@id":"http:\/\/rotulimca.com\/personalizar-cookies\/#breadcrumb","itemListElement":[{"@type":"ListItem","position":1,"name":"Portada","item":"http:\/\/rotulimca.com\/"},{"@type":"ListItem","position":2,"name":"Personalizar Cookies"}]},{"@type":"WebSite","@id":"http:\/\/rotulimca.com\/#website","url":"http:\/\/rotulimca.com\/","name":"Rotulimca","description":"","publisher":{"@id":"http:\/\/rotulimca.com\/#organization"},"potentialAction":[{"@type":"SearchAction","target":{"@type":"EntryPoint","urlTemplate":"http:\/\/rotulimca.com\/?s={search_term_string}"},"query-input":{"@type":"PropertyValueSpecification","valueRequired":true,"valueName":"search_term_string"}}],"inLanguage":"gl-ES"},{"@type":"Organization","@id":"http:\/\/rotulimca.com\/#organization","name":"Rotulimca","url":"http:\/\/rotulimca.com\/","logo":{"@type":"ImageObject","inLanguage":"gl-ES","@id":"http:\/\/rotulimca.com\/#\/schema\/logo\/image\/","url":"http:\/\/rotulimca.com\/wp-content\/uploads\/2023\/08\/logo-2.png","contentUrl":"http:\/\/rotulimca.com\/wp-content\/uploads\/2023\/08\/logo-2.png","width":946,"height":649,"caption":"Rotulimca"},"image":{"@id":"http:\/\/rotulimca.com\/#\/schema\/logo\/image\/"},"sameAs":["https:\/\/www.facebook.com\/Rotulimca\/"]}]}},"_links":{"self":[{"href":"http:\/\/rotulimca.com\/gl\/wp-json\/wp\/v2\/pages\/839","targetHints":{"allow":["GET"]}}],"collection":[{"href":"http:\/\/rotulimca.com\/gl\/wp-json\/wp\/v2\/pages"}],"about":[{"href":"http:\/\/rotulimca.com\/gl\/wp-json\/wp\/v2\/types\/page"}],"author":[{"embeddable":true,"href":"http:\/\/rotulimca.com\/gl\/wp-json\/wp\/v2\/users\/1"}],"replies":[{"embeddable":true,"href":"http:\/\/rotulimca.com\/gl\/wp-json\/wp\/v2\/comments?post=839"}],"version-history":[{"count":0,"href":"http:\/\/rotulimca.com\/gl\/wp-json\/wp\/v2\/pages\/839\/revisions"}],"wp:attachment":[{"href":"http:\/\/rotulimca.com\/gl\/wp-json\/wp\/v2\/media?parent=839"}],"curies":[{"name":"wp","href":"https:\/\/api.w.org\/{rel}","templated":true}]}}