{"id":841,"date":"2023-11-03T08:44:32","date_gmt":"2023-11-03T08:44:32","guid":{"rendered":"http:\/\/rotulimca.com\/?page_id=841"},"modified":"2023-11-03T08:46:41","modified_gmt":"2023-11-03T08:46:41","slug":"declaracion-de-accesibilidad","status":"publish","type":"page","link":"http:\/\/rotulimca.com\/gl\/declaracion-de-accesibilidad\/","title":{"rendered":"Declaraci\u00f3n de accesibilidad"},"content":{"rendered":"<div data-elementor-type=\"wp-page\" data-elementor-id=\"841\" class=\"elementor elementor-841\" data-elementor-post-type=\"page\">\n\t\t\t\t\t\t<section class=\"elementor-section elementor-top-section elementor-element elementor-element-3921d2d elementor-section-boxed elementor-section-height-default elementor-section-height-default\" data-id=\"3921d2d\" data-element_type=\"section\">\n\t\t\t\t\t\t<div class=\"elementor-container elementor-column-gap-default\">\n\t\t\t\t\t<div class=\"elementor-column elementor-col-100 elementor-top-column elementor-element elementor-element-4156e49\" data-id=\"4156e49\" data-element_type=\"column\">\n\t\t\t<div class=\"elementor-widget-wrap elementor-element-populated\">\n\t\t\t\t\t\t<div class=\"elementor-element elementor-element-8668c2d elementor-widget elementor-widget-text-editor\" data-id=\"8668c2d\" data-element_type=\"widget\" data-widget_type=\"text-editor.default\">\n\t\t\t\t<div class=\"elementor-widget-container\">\n\t\t\t<style>\/*! elementor - v3.23.0 - 25-07-2024 *\/\n.elementor-widget-text-editor.elementor-drop-cap-view-stacked .elementor-drop-cap{background-color:#69727d;color:#fff}.elementor-widget-text-editor.elementor-drop-cap-view-framed .elementor-drop-cap{color:#69727d;border:3px solid;background-color:transparent}.elementor-widget-text-editor:not(.elementor-drop-cap-view-default) .elementor-drop-cap{margin-top:8px}.elementor-widget-text-editor:not(.elementor-drop-cap-view-default) .elementor-drop-cap-letter{width:1em;height:1em}.elementor-widget-text-editor .elementor-drop-cap{float:left;text-align:center;line-height:1;font-size:50px}.elementor-widget-text-editor .elementor-drop-cap-letter{display:inline-block}<\/style>\t\t\t\t<p>Rotulimca ha comprometido a hacer accesibles su sitio web de conformidad con el <a title=\"Web del Bolet\u00edn Oficial del Estado : Abre nueva ventana\" href=\"https:\/\/www.boe.es\/buscar\/act.php?id=BOE-A-2018-12699\" target=\"_blank\" rel=\"noopener\">Real Decreto 1112\/2018, de 7 de septiembre<\/a>, sobre accesibilidad de los sitios web y aplicaciones para dispositivos m\u00f3viles del sector p\u00fablico (en adelante, Real Decreto 1112\/2018, de 7 de septiembre).<\/p><p>La presente declaraci\u00f3n de accesibilidad se aplica al sitio web https:\/\/rotulimca.com\/<\/p><p><strong>Situaci\u00f3n de cumplimiento<\/strong><\/p><p>Este sitio web es\u00a0<b>plenamente conforme<\/b>\u00a0con el Real Decreto 1112\/2018, de 7 de septiembre.<\/p><p><strong>Preparaci\u00f3n de la presente declaraci\u00f3n de accesibilidad<\/strong><\/p><p>La presente declaraci\u00f3n fue preparada el 3 de Noviembre de 2023.<\/p><p>El m\u00e9todo empleado para preparar la declaraci\u00f3n ha sido una autoevaluaci\u00f3n llevada a cabo por GrupoiGAL.<\/p><p><strong>Observaciones y datos de contacto<\/strong><\/p><p>Puede realizar comunicaciones sobre requisitos de accesibilidad (art\u00edculo 10.2.a) del Real Decreto 1112\/2018, de 7 de septiembre) como, por ejemplo:<\/p><ul><li>Informar sobre cualquier posible incumplimiento por parte de este sitio web.<\/li><li>Transmitir otras dificultades de acceso al contenido.<\/li><li>Formular cualquier otra consulta o sugerencia de mejora relativa a la accesibilidad del sitio web.<\/li><\/ul><p>A trav\u00e9s de las siguientes v\u00edas:<\/p><ul><li>Correo electr\u00f3nico: rotulimca@rotulimca.com<\/li><li>Tel\u00e9fono: 607 38 26 94<\/li><\/ul><p><strong>Procedimiento de aplicaci\u00f3n<\/strong><\/p><p>A trav\u00e9s de este procedimiento podr\u00e1 iniciar una reclamaci\u00f3n para conocer y oponerse a los motivos de la desestimaci\u00f3n de una solicitud de informaci\u00f3n accesible o queja, instar la adopci\u00f3n de las medidas oportunas en el caso de no estar de acuerdo con la decisi\u00f3n adoptada, o exponer las razones por las que se considera que la respuesta no cumple con los requisitos exigidos.<\/p><p><strong>Contenido opcional<\/strong><\/p><p>La versi\u00f3n actualmente visible de este sitio web es de junio de 2023 y en esa fecha se hizo la revisi\u00f3n del nivel de accesibilidad vigente en aquel momento.<\/p><p>A partir de dicha fecha se llevan a cabo revisiones parciales diarias del contenido web nuevo o modificado, tanto de las plantillas como de las p\u00e1ginas y documentos finales publicados, a fin de asegurar el cumplimiento de los requerimientos de accesibilidad de la Norma UNE-EN 301549:2019, considerando las excepciones del Real Decreto 1112\/2018, de 7 de septiembre.<\/p><p>Adicionalmente, este\u00a0sitio web es revisado por GrupoiGAL, habi\u00e9ndose realizado la \u00faltima revisi\u00f3n en\u00a0junio de 2023.<\/p><p>Entre otras se adoptan las siguientes medidas para facilitar la accesibilidad:<\/p><ul><li>Utilizaci\u00f3n de texto alternativo en las im\u00e1genes<\/li><li>Los enlaces ofrecen detalles de la funci\u00f3n o destino del hiperv\u00ednculo<\/li><li>Uso de los est\u00e1ndares del W3C: XHTML 1.0, CSS 3.0, WAI AA.<\/li><\/ul><p>Puede consultar en la p\u00e1gina de Aviso Legal\u00a0para qu\u00e9 navegadores y versiones est\u00e1 optimizado este sitio web.<\/p>\t\t\t\t\t\t<\/div>\n\t\t\t\t<\/div>\n\t\t\t\t\t<\/div>\n\t\t<\/div>\n\t\t\t\t\t<\/div>\n\t\t<\/section>\n\t\t\t\t<\/div>","protected":false},"excerpt":{"rendered":"<p>Rotulimca ha comprometido a hacer accesibles su sitio web de conformidad con el Real Decreto 1112\/2018, de 7 de septiembre, sobre accesibilidad de los sitios web y aplicaciones para dispositivos m\u00f3viles del sector p\u00fablico (en adelante, Real Decreto 1112\/2018, de 7 de septiembre). La presente declaraci\u00f3n de accesibilidad se aplica al sitio web https:\/\/rotulimca.com\/ Situaci\u00f3n [&hellip;]<\/p>","protected":false},"author":1,"featured_media":0,"parent":0,"menu_order":0,"comment_status":"closed","ping_status":"closed","template":"","meta":{"footnotes":""},"class_list":["post-841","page","type-page","status-publish","hentry"],"yoast_head":"<!-- This site is optimized with the Yoast SEO plugin v23.8 - https:\/\/yoast.com\/wordpress\/plugins\/seo\/ -->\n<title>Declaraci\u00f3n de accesibilidad - Rotulimca<\/title>\n<meta name=\"robots\" content=\"index, follow, max-snippet:-1, max-image-preview:large, max-video-preview:-1\" \/>\n<link rel=\"canonical\" href=\"http:\/\/rotulimca.com\/gl\/declaracion-de-accesibilidad\/\" \/>\n<meta property=\"og:locale\" content=\"gl_ES\" \/>\n<meta property=\"og:type\" content=\"article\" \/>\n<meta property=\"og:title\" content=\"Declaraci\u00f3n de accesibilidad - Rotulimca\" \/>\n<meta property=\"og:description\" content=\"Rotulimca ha comprometido a hacer accesibles su sitio web de conformidad con el Real Decreto 1112\/2018, de 7 de septiembre, sobre accesibilidad de los sitios web y aplicaciones para dispositivos m\u00f3viles del sector p\u00fablico (en adelante, Real Decreto 1112\/2018, de 7 de septiembre). La presente declaraci\u00f3n de accesibilidad se aplica al sitio web https:\/\/rotulimca.com\/ Situaci\u00f3n [&hellip;]\" \/>\n<meta property=\"og:url\" content=\"http:\/\/rotulimca.com\/gl\/declaracion-de-accesibilidad\/\" \/>\n<meta property=\"og:site_name\" content=\"Rotulimca\" \/>\n<meta property=\"article:publisher\" content=\"https:\/\/www.facebook.com\/Rotulimca\/\" \/>\n<meta property=\"article:modified_time\" content=\"2023-11-03T08:46:41+00:00\" \/>\n<meta name=\"twitter:card\" content=\"summary_large_image\" \/>\n<meta name=\"twitter:label1\" content=\"Tempo de lectura\" \/>\n\t<meta name=\"twitter:data1\" content=\"2 minutos\" \/>\n<script type=\"application\/ld+json\" class=\"yoast-schema-graph\">{\"@context\":\"https:\/\/schema.org\",\"@graph\":[{\"@type\":\"WebPage\",\"@id\":\"http:\/\/rotulimca.com\/declaracion-de-accesibilidad\/\",\"url\":\"http:\/\/rotulimca.com\/declaracion-de-accesibilidad\/\",\"name\":\"Declaraci\u00f3n de accesibilidad - Rotulimca\",\"isPartOf\":{\"@id\":\"http:\/\/rotulimca.com\/#website\"},\"datePublished\":\"2023-11-03T08:44:32+00:00\",\"dateModified\":\"2023-11-03T08:46:41+00:00\",\"breadcrumb\":{\"@id\":\"http:\/\/rotulimca.com\/declaracion-de-accesibilidad\/#breadcrumb\"},\"inLanguage\":\"gl-ES\",\"potentialAction\":[{\"@type\":\"ReadAction\",\"target\":[\"http:\/\/rotulimca.com\/declaracion-de-accesibilidad\/\"]}]},{\"@type\":\"BreadcrumbList\",\"@id\":\"http:\/\/rotulimca.com\/declaracion-de-accesibilidad\/#breadcrumb\",\"itemListElement\":[{\"@type\":\"ListItem\",\"position\":1,\"name\":\"Portada\",\"item\":\"http:\/\/rotulimca.com\/\"},{\"@type\":\"ListItem\",\"position\":2,\"name\":\"Declaraci\u00f3n de accesibilidad\"}]},{\"@type\":\"WebSite\",\"@id\":\"http:\/\/rotulimca.com\/#website\",\"url\":\"http:\/\/rotulimca.com\/\",\"name\":\"Rotulimca\",\"description\":\"\",\"publisher\":{\"@id\":\"http:\/\/rotulimca.com\/#organization\"},\"potentialAction\":[{\"@type\":\"SearchAction\",\"target\":{\"@type\":\"EntryPoint\",\"urlTemplate\":\"http:\/\/rotulimca.com\/?s={search_term_string}\"},\"query-input\":{\"@type\":\"PropertyValueSpecification\",\"valueRequired\":true,\"valueName\":\"search_term_string\"}}],\"inLanguage\":\"gl-ES\"},{\"@type\":\"Organization\",\"@id\":\"http:\/\/rotulimca.com\/#organization\",\"name\":\"Rotulimca\",\"url\":\"http:\/\/rotulimca.com\/\",\"logo\":{\"@type\":\"ImageObject\",\"inLanguage\":\"gl-ES\",\"@id\":\"http:\/\/rotulimca.com\/#\/schema\/logo\/image\/\",\"url\":\"http:\/\/rotulimca.com\/wp-content\/uploads\/2023\/08\/logo-2.png\",\"contentUrl\":\"http:\/\/rotulimca.com\/wp-content\/uploads\/2023\/08\/logo-2.png\",\"width\":946,\"height\":649,\"caption\":\"Rotulimca\"},\"image\":{\"@id\":\"http:\/\/rotulimca.com\/#\/schema\/logo\/image\/\"},\"sameAs\":[\"https:\/\/www.facebook.com\/Rotulimca\/\"]}]}<\/script>\n<!-- \/ Yoast SEO plugin. -->","yoast_head_json":{"title":"Declaraci\u00f3n de accesibilidad - Rotulimca","robots":{"index":"index","follow":"follow","max-snippet":"max-snippet:-1","max-image-preview":"max-image-preview:large","max-video-preview":"max-video-preview:-1"},"canonical":"http:\/\/rotulimca.com\/gl\/declaracion-de-accesibilidad\/","og_locale":"gl_ES","og_type":"article","og_title":"Declaraci\u00f3n de accesibilidad - Rotulimca","og_description":"Rotulimca ha comprometido a hacer accesibles su sitio web de conformidad con el Real Decreto 1112\/2018, de 7 de septiembre, sobre accesibilidad de los sitios web y aplicaciones para dispositivos m\u00f3viles del sector p\u00fablico (en adelante, Real Decreto 1112\/2018, de 7 de septiembre). La presente declaraci\u00f3n de accesibilidad se aplica al sitio web https:\/\/rotulimca.com\/ Situaci\u00f3n [&hellip;]","og_url":"http:\/\/rotulimca.com\/gl\/declaracion-de-accesibilidad\/","og_site_name":"Rotulimca","article_publisher":"https:\/\/www.facebook.com\/Rotulimca\/","article_modified_time":"2023-11-03T08:46:41+00:00","twitter_card":"summary_large_image","twitter_misc":{"Tempo de lectura":"2 minutos"},"schema":{"@context":"https:\/\/schema.org","@graph":[{"@type":"WebPage","@id":"http:\/\/rotulimca.com\/declaracion-de-accesibilidad\/","url":"http:\/\/rotulimca.com\/declaracion-de-accesibilidad\/","name":"Declaraci\u00f3n de accesibilidad - Rotulimca","isPartOf":{"@id":"http:\/\/rotulimca.com\/#website"},"datePublished":"2023-11-03T08:44:32+00:00","dateModified":"2023-11-03T08:46:41+00:00","breadcrumb":{"@id":"http:\/\/rotulimca.com\/declaracion-de-accesibilidad\/#breadcrumb"},"inLanguage":"gl-ES","potentialAction":[{"@type":"ReadAction","target":["http:\/\/rotulimca.com\/declaracion-de-accesibilidad\/"]}]},{"@type":"BreadcrumbList","@id":"http:\/\/rotulimca.com\/declaracion-de-accesibilidad\/#breadcrumb","itemListElement":[{"@type":"ListItem","position":1,"name":"Portada","item":"http:\/\/rotulimca.com\/"},{"@type":"ListItem","position":2,"name":"Declaraci\u00f3n de accesibilidad"}]},{"@type":"WebSite","@id":"http:\/\/rotulimca.com\/#website","url":"http:\/\/rotulimca.com\/","name":"Rotulimca","description":"","publisher":{"@id":"http:\/\/rotulimca.com\/#organization"},"potentialAction":[{"@type":"SearchAction","target":{"@type":"EntryPoint","urlTemplate":"http:\/\/rotulimca.com\/?s={search_term_string}"},"query-input":{"@type":"PropertyValueSpecification","valueRequired":true,"valueName":"search_term_string"}}],"inLanguage":"gl-ES"},{"@type":"Organization","@id":"http:\/\/rotulimca.com\/#organization","name":"Rotulimca","url":"http:\/\/rotulimca.com\/","logo":{"@type":"ImageObject","inLanguage":"gl-ES","@id":"http:\/\/rotulimca.com\/#\/schema\/logo\/image\/","url":"http:\/\/rotulimca.com\/wp-content\/uploads\/2023\/08\/logo-2.png","contentUrl":"http:\/\/rotulimca.com\/wp-content\/uploads\/2023\/08\/logo-2.png","width":946,"height":649,"caption":"Rotulimca"},"image":{"@id":"http:\/\/rotulimca.com\/#\/schema\/logo\/image\/"},"sameAs":["https:\/\/www.facebook.com\/Rotulimca\/"]}]}},"_links":{"self":[{"href":"http:\/\/rotulimca.com\/gl\/wp-json\/wp\/v2\/pages\/841","targetHints":{"allow":["GET"]}}],"collection":[{"href":"http:\/\/rotulimca.com\/gl\/wp-json\/wp\/v2\/pages"}],"about":[{"href":"http:\/\/rotulimca.com\/gl\/wp-json\/wp\/v2\/types\/page"}],"author":[{"embeddable":true,"href":"http:\/\/rotulimca.com\/gl\/wp-json\/wp\/v2\/users\/1"}],"replies":[{"embeddable":true,"href":"http:\/\/rotulimca.com\/gl\/wp-json\/wp\/v2\/comments?post=841"}],"version-history":[{"count":4,"href":"http:\/\/rotulimca.com\/gl\/wp-json\/wp\/v2\/pages\/841\/revisions"}],"predecessor-version":[{"id":847,"href":"http:\/\/rotulimca.com\/gl\/wp-json\/wp\/v2\/pages\/841\/revisions\/847"}],"wp:attachment":[{"href":"http:\/\/rotulimca.com\/gl\/wp-json\/wp\/v2\/media?parent=841"}],"curies":[{"name":"wp","href":"https:\/\/api.w.org\/{rel}","templated":true}]}}